{"id":436,"date":"2024-04-09T09:11:12","date_gmt":"2024-04-09T09:11:12","guid":{"rendered":"https:\/\/webraketen.space\/?page_id=436"},"modified":"2025-06-26T11:34:22","modified_gmt":"2025-06-26T09:34:22","slug":"our-mission","status":"publish","type":"page","link":"https:\/\/webraketen.space\/en\/unsere-mission\/","title":{"rendered":"Our mission"},"content":{"rendered":"<div data-elementor-type=\"wp-page\" data-elementor-id=\"436\" class=\"elementor elementor-436\" data-elementor-settings=\"{&quot;element_pack_global_tooltip_width&quot;:{&quot;unit&quot;:&quot;px&quot;,&quot;size&quot;:&quot;&quot;,&quot;sizes&quot;:[]},&quot;element_pack_global_tooltip_width_tablet&quot;:{&quot;unit&quot;:&quot;px&quot;,&quot;size&quot;:&quot;&quot;,&quot;sizes&quot;:[]},&quot;element_pack_global_tooltip_width_mobile&quot;:{&quot;unit&quot;:&quot;px&quot;,&quot;size&quot;:&quot;&quot;,&quot;sizes&quot;:[]},&quot;element_pack_global_tooltip_padding&quot;:{&quot;unit&quot;:&quot;px&quot;,&quot;top&quot;:&quot;&quot;,&quot;right&quot;:&quot;&quot;,&quot;bottom&quot;:&quot;&quot;,&quot;left&quot;:&quot;&quot;,&quot;isLinked&quot;:true},&quot;element_pack_global_tooltip_padding_tablet&quot;:{&quot;unit&quot;:&quot;px&quot;,&quot;top&quot;:&quot;&quot;,&quot;right&quot;:&quot;&quot;,&quot;bottom&quot;:&quot;&quot;,&quot;left&quot;:&quot;&quot;,&quot;isLinked&quot;:true},&quot;element_pack_global_tooltip_padding_mobile&quot;:{&quot;unit&quot;:&quot;px&quot;,&quot;top&quot;:&quot;&quot;,&quot;right&quot;:&quot;&quot;,&quot;bottom&quot;:&quot;&quot;,&quot;left&quot;:&quot;&quot;,&quot;isLinked&quot;:true},&quot;element_pack_global_tooltip_border_radius&quot;:{&quot;unit&quot;:&quot;px&quot;,&quot;top&quot;:&quot;&quot;,&quot;right&quot;:&quot;&quot;,&quot;bottom&quot;:&quot;&quot;,&quot;left&quot;:&quot;&quot;,&quot;isLinked&quot;:true},&quot;element_pack_global_tooltip_border_radius_tablet&quot;:{&quot;unit&quot;:&quot;px&quot;,&quot;top&quot;:&quot;&quot;,&quot;right&quot;:&quot;&quot;,&quot;bottom&quot;:&quot;&quot;,&quot;left&quot;:&quot;&quot;,&quot;isLinked&quot;:true},&quot;element_pack_global_tooltip_border_radius_mobile&quot;:{&quot;unit&quot;:&quot;px&quot;,&quot;top&quot;:&quot;&quot;,&quot;right&quot;:&quot;&quot;,&quot;bottom&quot;:&quot;&quot;,&quot;left&quot;:&quot;&quot;,&quot;isLinked&quot;:true}}\" data-elementor-post-type=\"page\">\n\t\t\t\t<div class=\"elementor-element elementor-element-c1bcefa e-con-full e-flex e-con e-parent\" data-id=\"c1bcefa\" data-element_type=\"container\" data-e-type=\"container\" data-settings=\"{&quot;background_background&quot;:&quot;video&quot;,&quot;background_video_link&quot;:&quot;https:\\\/\\\/webraketen.space\\\/wp-content\\\/uploads\\\/2024\\\/03\\\/webraketen-hero.webm&quot;,&quot;background_play_on_mobile&quot;:&quot;yes&quot;}\">\n\t\t<div class=\"elementor-background-video-container\">\n\t\t\t\t\t\t\t<video class=\"elementor-background-video-hosted\" role=\"presentation\" autoplay muted playsinline loop><\/video>\n\t\t\t\t\t<\/div><div class=\"elementor-element elementor-element-d2459c4 e-con-full e-flex e-con e-child\" data-id=\"d2459c4\" data-element_type=\"container\" data-e-type=\"container\">\n\t\t\t\t<div class=\"elementor-element elementor-element-e5daaff elementor-hidden-mobile elementor-widget elementor-widget-html\" data-id=\"e5daaff\" data-element_type=\"widget\" data-e-type=\"widget\" data-widget_type=\"html.default\">\n\t\t\t\t<div class=\"elementor-widget-container\">\n\t\t\t\t\t <style>\n        #toggleSound {\n            border: 1px solid black; \/* \u00c4ndert den Rand auf schwarz *\/\n            background-color: white; \/* Hintergrundfarbe des Buttons *\/\n            color: black; \/* Textfarbe des Buttons *\/\n            cursor: pointer; \/* Zeigt an, dass der Button klickbar ist *\/\n        }\n    <\/style>\n\n    <button id=\"toggleSound\">\n        <i aria-hidden=\"true\" class=\"fas fa-volume-up\"><\/i> Click here for the full experience\n    <\/button>\n    <audio id=\"sound\" loop>\n        <source src=\"https:\/\/webraketen.space\/wp-content\/uploads\/2024\/03\/space-sound.ogg\" type=\"audio\/ogg\">\n        <source src=\"https:\/\/webraketen.space\/wp-content\/uploads\/2024\/07\/space-sound.mp3\" type=\"audio\/mpeg\">\n        Your browser does not support audio tags.\n    <\/audio>\n\n    <script>\n        const sound = document.getElementById('sound');\n        const button = document.getElementById('toggleSound');\n\n        button.addEventListener('click', function() {\n            if (sound.paused) {\n                sound.play();\n                button.innerHTML = '<i aria-hidden=\"true\" class=\"fas fa-volume-mute\"><\/i> Experience stoppen'; \/\/ Stopp-Text\n            } else {\n                sound.pause();\n                sound.currentTime = 0; \/\/ Sound zur\u00fccksetzen\n                button.innerHTML = '<i aria-hidden=\"true\" class=\"fas fa-volume-up\"><\/i> Hier klicken f\u00fcr die volle Experience'; \/\/ Start-Text\n            }\n        });\n    <\/script>\t\t\t\t<\/div>\n\t\t\t\t<\/div>\n\t\t\t\t<div class=\"elementor-element elementor-element-d0005ee elementor-widget elementor-widget-heading\" data-id=\"d0005ee\" data-element_type=\"widget\" data-e-type=\"widget\" data-widget_type=\"heading.default\">\n\t\t\t\t<div class=\"elementor-widget-container\">\n\t\t\t\t\t<h1 class=\"elementor-heading-title elementor-size-default\">Our mission<\/h1>\t\t\t\t<\/div>\n\t\t\t\t<\/div>\n\t\t\t\t<\/div>\n\t\t\t\t<\/div>\n\t\t<div class=\"elementor-element elementor-element-bd8bed0 e-flex e-con-boxed e-con e-parent\" data-id=\"bd8bed0\" data-element_type=\"container\" data-e-type=\"container\">\n\t\t\t\t\t<div class=\"e-con-inner\">\n\t\t<div class=\"elementor-element elementor-element-46272a8 e-con-full e-flex e-con e-child\" data-id=\"46272a8\" data-element_type=\"container\" data-e-type=\"container\" data-settings=\"{&quot;background_background&quot;:&quot;classic&quot;}\">\n\t\t\t\t<div class=\"elementor-element elementor-element-1f03f17 elementor-widget elementor-widget-heading\" data-id=\"1f03f17\" data-element_type=\"widget\" data-e-type=\"widget\" data-widget_type=\"heading.default\">\n\t\t\t\t<div class=\"elementor-widget-container\">\n\t\t\t\t\t<h2 class=\"elementor-heading-title elementor-size-default\">We \ud83e\udde1 Disruption<\/h2>\t\t\t\t<\/div>\n\t\t\t\t<\/div>\n\t\t\t\t<div class=\"elementor-element elementor-element-a997e42 elementor-widget elementor-widget-text-editor\" data-id=\"a997e42\" data-element_type=\"widget\" data-e-type=\"widget\" data-widget_type=\"text-editor.default\">\n\t\t\t\t<div class=\"elementor-widget-container\">\n\t\t\t\t\t\t\t\t\t<p>Disruption leads to transformation and innovation.<\/p><p>Disruptive strategies and technologies open up new worlds for us. They break with traditional ways of thinking, challenge the status quo and open up new opportunities for growth and innovation.<\/p><p>Our motto <strong>\"Exploration fuels innovation\"<\/strong> drives us every day to explore new spaces boldly and curiously together with our customers.<\/p><p>In concrete terms, this means that we focus on disruptive technologies and strategies that transform existing markets. We find innovative ways and support the technical implementation.<\/p><p>We are convinced that every company has the potential to successfully establish its business model in the digital space. This strengthens the resilience and innovative power of the entire market.<\/p><p>We enable our customers to successfully position their products and services in the digital space, independently design sales channels and freely realize their visions.<\/p>\t\t\t\t\t\t\t\t<\/div>\n\t\t\t\t<\/div>\n\t\t\t\t<div class=\"elementor-element elementor-element-3159955 elementor-widget elementor-widget-button\" data-id=\"3159955\" data-element_type=\"widget\" data-e-type=\"widget\" data-widget_type=\"button.default\">\n\t\t\t\t<div class=\"elementor-widget-container\">\n\t\t\t\t\t\t\t\t\t<div class=\"elementor-button-wrapper\">\n\t\t\t\t\t<a class=\"elementor-button elementor-button-link elementor-size-sm\" href=\"https:\/\/webraketen.space\/en\/mission-request\/\">\n\t\t\t\t\t\t<span class=\"elementor-button-content-wrapper\">\n\t\t\t\t\t\t\t\t\t<span class=\"elementor-button-text\">Request individual mission<\/span>\n\t\t\t\t\t<\/span>\n\t\t\t\t\t<\/a>\n\t\t\t\t<\/div>\n\t\t\t\t\t\t\t\t<\/div>\n\t\t\t\t<\/div>\n\t\t\t\t<\/div>\n\t\t\t\t\t<\/div>\n\t\t\t\t<\/div>\n\t\t\t\t<\/div>","protected":false},"excerpt":{"rendered":"<p>Hier klicken f\u00fcr die volle Experience Dein Browser unterst\u00fctzt kein Audio-Tag. Unsere Mission Wir ???? Disruption Disruption f\u00fchrt zu Transformation und Innovation. Disruptive Strategien und Technologien erschlie\u00dfen uns neue Welten. Sie brechen mit traditionellen Denkweisen, fordern den Status Quo heraus und er\u00f6ffnen neue Chancen f\u00fcr Wachstum und Innovation. Unser Motto &#8222;Exploration fuels Innovation&#8220; treibt uns [&hellip;]<\/p>\n","protected":false},"author":1,"featured_media":0,"parent":0,"menu_order":0,"comment_status":"closed","ping_status":"closed","template":"","meta":{"footnotes":""},"class_list":["post-436","page","type-page","status-publish","hentry"],"_links":{"self":[{"href":"https:\/\/webraketen.space\/en\/wp-json\/wp\/v2\/pages\/436","targetHints":{"allow":["GET"]}}],"collection":[{"href":"https:\/\/webraketen.space\/en\/wp-json\/wp\/v2\/pages"}],"about":[{"href":"https:\/\/webraketen.space\/en\/wp-json\/wp\/v2\/types\/page"}],"author":[{"embeddable":true,"href":"https:\/\/webraketen.space\/en\/wp-json\/wp\/v2\/users\/1"}],"replies":[{"embeddable":true,"href":"https:\/\/webraketen.space\/en\/wp-json\/wp\/v2\/comments?post=436"}],"version-history":[{"count":161,"href":"https:\/\/webraketen.space\/en\/wp-json\/wp\/v2\/pages\/436\/revisions"}],"predecessor-version":[{"id":87929,"href":"https:\/\/webraketen.space\/en\/wp-json\/wp\/v2\/pages\/436\/revisions\/87929"}],"wp:attachment":[{"href":"https:\/\/webraketen.space\/en\/wp-json\/wp\/v2\/media?parent=436"}],"curies":[{"name":"wp","href":"https:\/\/api.w.org\/{rel}","templated":true}]}}