{"id":86867,"date":"2024-04-23T09:35:48","date_gmt":"2024-04-23T07:35:48","guid":{"rendered":"https:\/\/webraketen.space\/?page_id=86867"},"modified":"2024-08-20T08:03:23","modified_gmt":"2024-08-20T06:03:23","slug":"research-papers","status":"publish","type":"page","link":"https:\/\/webraketen.space\/en\/forschungspapiere\/","title":{"rendered":"Research papers"},"content":{"rendered":"<div data-elementor-type=\"wp-page\" data-elementor-id=\"86867\" class=\"elementor elementor-86867\" data-elementor-settings=\"{&quot;element_pack_global_tooltip_width&quot;:{&quot;unit&quot;:&quot;px&quot;,&quot;size&quot;:&quot;&quot;,&quot;sizes&quot;:[]},&quot;element_pack_global_tooltip_width_tablet&quot;:{&quot;unit&quot;:&quot;px&quot;,&quot;size&quot;:&quot;&quot;,&quot;sizes&quot;:[]},&quot;element_pack_global_tooltip_width_mobile&quot;:{&quot;unit&quot;:&quot;px&quot;,&quot;size&quot;:&quot;&quot;,&quot;sizes&quot;:[]},&quot;element_pack_global_tooltip_padding&quot;:{&quot;unit&quot;:&quot;px&quot;,&quot;top&quot;:&quot;&quot;,&quot;right&quot;:&quot;&quot;,&quot;bottom&quot;:&quot;&quot;,&quot;left&quot;:&quot;&quot;,&quot;isLinked&quot;:true},&quot;element_pack_global_tooltip_padding_tablet&quot;:{&quot;unit&quot;:&quot;px&quot;,&quot;top&quot;:&quot;&quot;,&quot;right&quot;:&quot;&quot;,&quot;bottom&quot;:&quot;&quot;,&quot;left&quot;:&quot;&quot;,&quot;isLinked&quot;:true},&quot;element_pack_global_tooltip_padding_mobile&quot;:{&quot;unit&quot;:&quot;px&quot;,&quot;top&quot;:&quot;&quot;,&quot;right&quot;:&quot;&quot;,&quot;bottom&quot;:&quot;&quot;,&quot;left&quot;:&quot;&quot;,&quot;isLinked&quot;:true},&quot;element_pack_global_tooltip_border_radius&quot;:{&quot;unit&quot;:&quot;px&quot;,&quot;top&quot;:&quot;&quot;,&quot;right&quot;:&quot;&quot;,&quot;bottom&quot;:&quot;&quot;,&quot;left&quot;:&quot;&quot;,&quot;isLinked&quot;:true},&quot;element_pack_global_tooltip_border_radius_tablet&quot;:{&quot;unit&quot;:&quot;px&quot;,&quot;top&quot;:&quot;&quot;,&quot;right&quot;:&quot;&quot;,&quot;bottom&quot;:&quot;&quot;,&quot;left&quot;:&quot;&quot;,&quot;isLinked&quot;:true},&quot;element_pack_global_tooltip_border_radius_mobile&quot;:{&quot;unit&quot;:&quot;px&quot;,&quot;top&quot;:&quot;&quot;,&quot;right&quot;:&quot;&quot;,&quot;bottom&quot;:&quot;&quot;,&quot;left&quot;:&quot;&quot;,&quot;isLinked&quot;:true}}\" data-elementor-post-type=\"page\">\n\t\t\t\t<div class=\"elementor-element elementor-element-c1bcefa e-con-full e-flex e-con e-parent\" data-id=\"c1bcefa\" data-element_type=\"container\" data-e-type=\"container\" data-settings=\"{&quot;background_background&quot;:&quot;video&quot;,&quot;background_video_link&quot;:&quot;https:\\\/\\\/webraketen.space\\\/wp-content\\\/uploads\\\/2024\\\/03\\\/webraketen-hero.webm&quot;,&quot;background_play_on_mobile&quot;:&quot;yes&quot;}\">\n\t\t<div class=\"elementor-background-video-container\">\n\t\t\t\t\t\t\t<video class=\"elementor-background-video-hosted\" role=\"presentation\" autoplay muted playsinline loop><\/video>\n\t\t\t\t\t<\/div><div class=\"elementor-element elementor-element-d2459c4 e-con-full e-flex e-con e-child\" data-id=\"d2459c4\" data-element_type=\"container\" data-e-type=\"container\">\n\t\t\t\t<div class=\"elementor-element elementor-element-d0005ee elementor-widget elementor-widget-heading\" data-id=\"d0005ee\" data-element_type=\"widget\" data-e-type=\"widget\" data-widget_type=\"heading.default\">\n\t\t\t\t<div class=\"elementor-widget-container\">\n\t\t\t\t\t<h1 class=\"elementor-heading-title elementor-size-default\">Research papers<\/h1>\t\t\t\t<\/div>\n\t\t\t\t<\/div>\n\t\t\t\t<\/div>\n\t\t\t\t<\/div>\n\t\t\t\t<section class=\"elementor-section elementor-top-section elementor-element elementor-element-bab71fd elementor-section-boxed elementor-section-height-default elementor-section-height-default\" data-id=\"bab71fd\" data-element_type=\"section\" data-e-type=\"section\" data-settings=\"{&quot;background_background&quot;:&quot;classic&quot;}\">\n\t\t\t\t\t\t<div class=\"elementor-container elementor-column-gap-default\">\n\t\t\t\t\t<div class=\"elementor-column elementor-col-100 elementor-top-column elementor-element elementor-element-15b245d\" data-id=\"15b245d\" data-element_type=\"column\" data-e-type=\"column\">\n\t\t\t<div class=\"elementor-widget-wrap elementor-element-populated\">\n\t\t\t\t\t\t<div data-ep-wrapper-link=\"{&quot;url&quot;:&quot;https:\\\/\\\/webraketen.space\\\/en\\\/forschungspapiere\\\/&quot;,&quot;is_external&quot;:&quot;&quot;,&quot;nofollow&quot;:&quot;&quot;,&quot;custom_attributes&quot;:&quot;&quot;}\" style=\"cursor: pointer\" class=\"bdt-element-link elementor-element elementor-element-db96c79 elementor-widget elementor-widget-bdt-post-grid\" data-id=\"db96c79\" data-element_type=\"widget\" data-e-type=\"widget\" data-settings=\"{&quot;columns&quot;:&quot;2&quot;,&quot;columns_tablet&quot;:&quot;2&quot;,&quot;columns_mobile&quot;:&quot;1&quot;}\" data-widget_type=\"bdt-post-grid.bdt-trosia\">\n\t\t\t\t<div class=\"elementor-widget-container\">\n\t\t\t\t\t \n\t\t<div id=\"bdt-post-grid-db96c79\" class=\"bdt-post-grid bdt-post-grid-skin-trosia\">\n\t  \t\t<div class=\"bdt-grid bdt-grid-medium\" data-bdt-grid>\n\n\t\t\t\t\t\t\n\n\t\t            <div class=\"bdt-width-1-1 bdt-width-1-2@s bdt-width-1-2@m\">\n\t\t\t\t\t\t<div class=\"bdt-post-grid-item bdt-transition-toggle bdt-position-relative\">\n\t\t\t\t\t\t\t\t\n\t\t\t\t\t\t\t<div class=\"bdt-post-grid-img-wrap bdt-overflow-hidden\">\n\t\t\t\t<a href=\"https:\/\/webraketen.space\/en\/seo-h1\/\" class=\"bdt-transition-scale-up bdt-background-cover bdt-transition-opaque bdt-flex\" title=\"SEO H1 \u2013 Why the Heading (Doesn&#039;t) Matter\" style=\"background-image: url(https:\/\/webraketen.space\/wp-content\/uploads\/2026\/04\/h1-seo-768x430.jpg)\">\n  \t\t\t\t<\/a>\n\t\t\t<\/div>\n\t\t\t\t\t\t\t<div class=\"bdt-custom-overlay bdt-position-cover\"><\/div>\n\t\t\t\t\t  \t\t\n\t\t\t\t\t  \t\t<div class=\"bdt-post-grid-desc bdt-position-bottom\">\n\t\t\t\t\t\t  \t\t<div class=\"bdt-position-medium\">\n\n\t\t\t\t\t\t\t\t\t<h2 class=\"bdt-post-grid-title\">\n\t\t\t\t<a href=\"https:\/\/webraketen.space\/en\/seo-h1\/\" class=\"bdt-post-grid-link\" title=\"SEO H1 \u2013 Why the Heading (Doesn&#039;t) Matter\">\n\t\t\t\t\tSEO H1 \u2013 Why the Heading (Doesn't) Matter\n\t\t\t\t<\/a>\n\t\t\t<\/h2>\n\t\t\t\t\t            \t\t\t\t\t\t\t\t\t\t\n\t\t\t\t\t\t\t  \t\t<div class=\"bdt-transition-slide-bottom\">\n\t\t\t\t\t\t\t\t\t\t\t\t<div class=\"bdt-post-grid-excerpt\">\n\t\t\t<p>The H1 heading is the most important HTML element on a <a href=\"https:\/\/webraketen.space\/en\/wordpress-agentur\/\" data-internallinksmanager029f6b8e52c=\"8\" title=\"WordPress agency\">Website<\/a>, Google and users the main topic<\/p>\n\t\t<\/div>\n\n\t\t\t\t\t\t\t\t\t\t\t<\/div>\n\t\t\t\t\t\t\t\t<\/div>\n\t\t\t\t\t\t\t<\/div>\n\n\t\t\t\t\t\t\t\n\t\t\t\t\t\t<\/div>\n\t\t            <\/div>\n\n\t\t\t\t\t\t\n\n\t\t            <div class=\"bdt-width-1-1 bdt-width-1-2@s bdt-width-1-2@m\">\n\t\t\t\t\t\t<div class=\"bdt-post-grid-item bdt-transition-toggle bdt-position-relative\">\n\t\t\t\t\t\t\t\t\n\t\t\t\t\t\t\t<div class=\"bdt-post-grid-img-wrap bdt-overflow-hidden\">\n\t\t\t\t<a href=\"https:\/\/webraketen.space\/en\/google-ads-b2b\/\" class=\"bdt-transition-scale-up bdt-background-cover bdt-transition-opaque bdt-flex\" title=\"Google Ads for B2B: examples, strategies, mistakes\" style=\"background-image: url(https:\/\/webraketen.space\/wp-content\/uploads\/2026\/03\/b2b-google-ads-768x430.jpg)\">\n  \t\t\t\t<\/a>\n\t\t\t<\/div>\n\t\t\t\t\t\t\t<div class=\"bdt-custom-overlay bdt-position-cover\"><\/div>\n\t\t\t\t\t  \t\t\n\t\t\t\t\t  \t\t<div class=\"bdt-post-grid-desc bdt-position-bottom\">\n\t\t\t\t\t\t  \t\t<div class=\"bdt-position-medium\">\n\n\t\t\t\t\t\t\t\t\t<h2 class=\"bdt-post-grid-title\">\n\t\t\t\t<a href=\"https:\/\/webraketen.space\/en\/google-ads-b2b\/\" class=\"bdt-post-grid-link\" title=\"Google Ads for B2B: examples, strategies, mistakes\">\n\t\t\t\t\tGoogle Ads for B2B: examples, strategies, mistakes\n\t\t\t\t<\/a>\n\t\t\t<\/h2>\n\t\t\t\t\t            \t\t\t\t\t\t\t\t\t\t\n\t\t\t\t\t\t\t  \t\t<div class=\"bdt-transition-slide-bottom\">\n\t\t\t\t\t\t\t\t\t\t\t\t<div class=\"bdt-post-grid-excerpt\">\n\t\t\t<p>When it comes to <a href=\"https:\/\/webraketen.space\/en\/google-ads-agentur\/\" data-internallinksmanager029f6b8e52c=\"2\" title=\"Google Ads Agency\">Google Ads<\/a> for B2B, we often hear the following sentence: \u201eWe have Google<\/p>\n\t\t<\/div>\n\n\t\t\t\t\t\t\t\t\t\t\t<\/div>\n\t\t\t\t\t\t\t\t<\/div>\n\t\t\t\t\t\t\t<\/div>\n\n\t\t\t\t\t\t\t\n\t\t\t\t\t\t<\/div>\n\t\t            <\/div>\n\n\t\t\t\t\t\t\n\n\t\t            <div class=\"bdt-width-1-1 bdt-width-1-2@s bdt-width-1-2@m\">\n\t\t\t\t\t\t<div class=\"bdt-post-grid-item bdt-transition-toggle bdt-position-relative\">\n\t\t\t\t\t\t\t\t\n\t\t\t\t\t\t\t<div class=\"bdt-post-grid-img-wrap bdt-overflow-hidden\">\n\t\t\t\t<a href=\"https:\/\/webraketen.space\/en\/ki-marketing\/\" class=\"bdt-transition-scale-up bdt-background-cover bdt-transition-opaque bdt-flex\" title=\"AI Marketing Guide 2026: Definition, strategy, tools\" style=\"background-image: url(https:\/\/webraketen.space\/wp-content\/uploads\/2026\/02\/ki-marketing-spezialistin-768x512.jpg)\">\n  \t\t\t\t<\/a>\n\t\t\t<\/div>\n\t\t\t\t\t\t\t<div class=\"bdt-custom-overlay bdt-position-cover\"><\/div>\n\t\t\t\t\t  \t\t\n\t\t\t\t\t  \t\t<div class=\"bdt-post-grid-desc bdt-position-bottom\">\n\t\t\t\t\t\t  \t\t<div class=\"bdt-position-medium\">\n\n\t\t\t\t\t\t\t\t\t<h2 class=\"bdt-post-grid-title\">\n\t\t\t\t<a href=\"https:\/\/webraketen.space\/en\/ki-marketing\/\" class=\"bdt-post-grid-link\" title=\"AI Marketing Guide 2026: Definition, strategy, tools\">\n\t\t\t\t\tAI Marketing Guide 2026: Definition, strategy, tools\n\t\t\t\t<\/a>\n\t\t\t<\/h2>\n\t\t\t\t\t            \t\t\t\t\t\t\t\t\t\t\n\t\t\t\t\t\t\t  \t\t<div class=\"bdt-transition-slide-bottom\">\n\t\t\t\t\t\t\t\t\t\t\t\t<div class=\"bdt-post-grid-excerpt\">\n\t\t\t<p>The time of wild AI experiments is over. In 2026, those who see AI in marketing merely as a<\/p>\n\t\t<\/div>\n\n\t\t\t\t\t\t\t\t\t\t\t<\/div>\n\t\t\t\t\t\t\t\t<\/div>\n\t\t\t\t\t\t\t<\/div>\n\n\t\t\t\t\t\t\t\n\t\t\t\t\t\t<\/div>\n\t\t            <\/div>\n\n\t\t\t\t\t\t\n\n\t\t            <div class=\"bdt-width-1-1 bdt-width-1-2@s bdt-width-1-2@m\">\n\t\t\t\t\t\t<div class=\"bdt-post-grid-item bdt-transition-toggle bdt-position-relative\">\n\t\t\t\t\t\t\t\t\n\t\t\t\t\t\t\t<div class=\"bdt-post-grid-img-wrap bdt-overflow-hidden\">\n\t\t\t\t<a href=\"https:\/\/webraketen.space\/en\/ki-seo\/\" class=\"bdt-transition-scale-up bdt-background-cover bdt-transition-opaque bdt-flex\" title=\"AI &amp; SEO - The revolution in search engine optimization\" style=\"background-image: url(https:\/\/webraketen.space\/wp-content\/uploads\/2025\/08\/ai-seo-future-768x430.jpg)\">\n  \t\t\t\t<\/a>\n\t\t\t<\/div>\n\t\t\t\t\t\t\t<div class=\"bdt-custom-overlay bdt-position-cover\"><\/div>\n\t\t\t\t\t  \t\t\n\t\t\t\t\t  \t\t<div class=\"bdt-post-grid-desc bdt-position-bottom\">\n\t\t\t\t\t\t  \t\t<div class=\"bdt-position-medium\">\n\n\t\t\t\t\t\t\t\t\t<h2 class=\"bdt-post-grid-title\">\n\t\t\t\t<a href=\"https:\/\/webraketen.space\/en\/ki-seo\/\" class=\"bdt-post-grid-link\" title=\"AI &amp; SEO - The revolution in search engine optimization\">\n\t\t\t\t\tAI &amp; SEO - The revolution in search engine optimization\n\t\t\t\t<\/a>\n\t\t\t<\/h2>\n\t\t\t\t\t            \t\t\t\t\t\t\t\t\t\t\n\t\t\t\t\t\t\t  \t\t<div class=\"bdt-transition-slide-bottom\">\n\t\t\t\t\t\t\t\t\t\t\t\t<div class=\"bdt-post-grid-excerpt\">\n\t\t\t<p>AI and <a href=\"https:\/\/webraketen.space\/en\/seo-agentur\/\" data-internallinksmanager029f6b8e52c=\"1\" title=\"SEO agency\">SEO<\/a> are the buzzwords in search engine marketing right now. Artificial intelligence also has an impact on<\/p>\n\t\t<\/div>\n\n\t\t\t\t\t\t\t\t\t\t\t<\/div>\n\t\t\t\t\t\t\t\t<\/div>\n\t\t\t\t\t\t\t<\/div>\n\n\t\t\t\t\t\t\t\n\t\t\t\t\t\t<\/div>\n\t\t            <\/div>\n\n\t\t\t\t\t\t\n\n\t\t            <div class=\"bdt-width-1-1 bdt-width-1-2@s bdt-width-1-2@m\">\n\t\t\t\t\t\t<div class=\"bdt-post-grid-item bdt-transition-toggle bdt-position-relative\">\n\t\t\t\t\t\t\t\t\n\t\t\t\t\t\t\t<div class=\"bdt-post-grid-img-wrap bdt-overflow-hidden\">\n\t\t\t\t<a href=\"https:\/\/webraketen.space\/en\/ai-agent-automation\/\" class=\"bdt-transition-scale-up bdt-background-cover bdt-transition-opaque bdt-flex\" title=\"AI agent vs automation - how to use them\" style=\"background-image: url(https:\/\/webraketen.space\/wp-content\/uploads\/2025\/06\/ai-agent-automation-768x430.jpg)\">\n  \t\t\t\t<\/a>\n\t\t\t<\/div>\n\t\t\t\t\t\t\t<div class=\"bdt-custom-overlay bdt-position-cover\"><\/div>\n\t\t\t\t\t  \t\t\n\t\t\t\t\t  \t\t<div class=\"bdt-post-grid-desc bdt-position-bottom\">\n\t\t\t\t\t\t  \t\t<div class=\"bdt-position-medium\">\n\n\t\t\t\t\t\t\t\t\t<h2 class=\"bdt-post-grid-title\">\n\t\t\t\t<a href=\"https:\/\/webraketen.space\/en\/ai-agent-automation\/\" class=\"bdt-post-grid-link\" title=\"AI agent vs automation - how to use them\">\n\t\t\t\t\tAI agent vs automation - how to use them\n\t\t\t\t<\/a>\n\t\t\t<\/h2>\n\t\t\t\t\t            \t\t\t\t\t\t\t\t\t\t\n\t\t\t\t\t\t\t  \t\t<div class=\"bdt-transition-slide-bottom\">\n\t\t\t\t\t\t\t\t\t\t\t\t<div class=\"bdt-post-grid-excerpt\">\n\t\t\t<p>If you're involved in AI automation, you've probably come across terms like \"AI agent\"<\/p>\n\t\t<\/div>\n\n\t\t\t\t\t\t\t\t\t\t\t<\/div>\n\t\t\t\t\t\t\t\t<\/div>\n\t\t\t\t\t\t\t<\/div>\n\n\t\t\t\t\t\t\t\n\t\t\t\t\t\t<\/div>\n\t\t            <\/div>\n\n\t\t\t\t\t\t\n\n\t\t            <div class=\"bdt-width-1-1 bdt-width-1-2@s bdt-width-1-2@m\">\n\t\t\t\t\t\t<div class=\"bdt-post-grid-item bdt-transition-toggle bdt-position-relative\">\n\t\t\t\t\t\t\t\t\n\t\t\t\t\t\t\t<div class=\"bdt-post-grid-img-wrap bdt-overflow-hidden\">\n\t\t\t\t<a href=\"https:\/\/webraketen.space\/en\/paid-ads-definition\/\" class=\"bdt-transition-scale-up bdt-background-cover bdt-transition-opaque bdt-flex\" title=\"Paid Ads - definition, basics &amp; tips\" style=\"background-image: url(https:\/\/webraketen.space\/wp-content\/uploads\/2025\/05\/paid-ads-768x430.jpg)\">\n  \t\t\t\t<\/a>\n\t\t\t<\/div>\n\t\t\t\t\t\t\t<div class=\"bdt-custom-overlay bdt-position-cover\"><\/div>\n\t\t\t\t\t  \t\t\n\t\t\t\t\t  \t\t<div class=\"bdt-post-grid-desc bdt-position-bottom\">\n\t\t\t\t\t\t  \t\t<div class=\"bdt-position-medium\">\n\n\t\t\t\t\t\t\t\t\t<h2 class=\"bdt-post-grid-title\">\n\t\t\t\t<a href=\"https:\/\/webraketen.space\/en\/paid-ads-definition\/\" class=\"bdt-post-grid-link\" title=\"Paid Ads - definition, basics &amp; tips\">\n\t\t\t\t\tPaid Ads - definition, basics &amp; tips\n\t\t\t\t<\/a>\n\t\t\t<\/h2>\n\t\t\t\t\t            \t\t\t\t\t\t\t\t\t\t\n\t\t\t\t\t\t\t  \t\t<div class=\"bdt-transition-slide-bottom\">\n\t\t\t\t\t\t\t\t\t\t\t\t<div class=\"bdt-post-grid-excerpt\">\n\t\t\t<p>What are paid ads? Paid ads are online advertisements for which an advertiser pays in order to advertise its products and services.<\/p>\n\t\t<\/div>\n\n\t\t\t\t\t\t\t\t\t\t\t<\/div>\n\t\t\t\t\t\t\t\t<\/div>\n\t\t\t\t\t\t\t<\/div>\n\n\t\t\t\t\t\t\t\n\t\t\t\t\t\t<\/div>\n\t\t            <\/div>\n\n\t\t\t\t\t\t\n\n\t\t            <div class=\"bdt-width-1-1 bdt-width-1-2@s bdt-width-1-2@m\">\n\t\t\t\t\t\t<div class=\"bdt-post-grid-item bdt-transition-toggle bdt-position-relative\">\n\t\t\t\t\t\t\t\t\n\t\t\t\t\t\t\t<div class=\"bdt-post-grid-img-wrap bdt-overflow-hidden\">\n\t\t\t\t<a href=\"https:\/\/webraketen.space\/en\/google-ads-kosten\/\" class=\"bdt-transition-scale-up bdt-background-cover bdt-transition-opaque bdt-flex\" title=\"Google Ads costs - Guide to successful budgeting\" style=\"background-image: url(https:\/\/webraketen.space\/wp-content\/uploads\/2024\/10\/google-ads-kosten-768x432.jpg)\">\n  \t\t\t\t<\/a>\n\t\t\t<\/div>\n\t\t\t\t\t\t\t<div class=\"bdt-custom-overlay bdt-position-cover\"><\/div>\n\t\t\t\t\t  \t\t\n\t\t\t\t\t  \t\t<div class=\"bdt-post-grid-desc bdt-position-bottom\">\n\t\t\t\t\t\t  \t\t<div class=\"bdt-position-medium\">\n\n\t\t\t\t\t\t\t\t\t<h2 class=\"bdt-post-grid-title\">\n\t\t\t\t<a href=\"https:\/\/webraketen.space\/en\/google-ads-kosten\/\" class=\"bdt-post-grid-link\" title=\"Google Ads costs - Guide to successful budgeting\">\n\t\t\t\t\tGoogle Ads costs - Guide to successful budgeting\n\t\t\t\t<\/a>\n\t\t\t<\/h2>\n\t\t\t\t\t            \t\t\t\t\t\t\t\t\t\t\n\t\t\t\t\t\t\t  \t\t<div class=\"bdt-transition-slide-bottom\">\n\t\t\t\t\t\t\t\t\t\t\t\t<div class=\"bdt-post-grid-excerpt\">\n\t\t\t<p>The costs for Google Ads are quite easy to calculate, as billing is based on clicks. The<\/p>\n\t\t<\/div>\n\n\t\t\t\t\t\t\t\t\t\t\t<\/div>\n\t\t\t\t\t\t\t\t<\/div>\n\t\t\t\t\t\t\t<\/div>\n\n\t\t\t\t\t\t\t\n\t\t\t\t\t\t<\/div>\n\t\t            <\/div>\n\n\t\t\t\t\t\t\n\n\t\t            <div class=\"bdt-width-1-1 bdt-width-1-2@s bdt-width-1-2@m\">\n\t\t\t\t\t\t<div class=\"bdt-post-grid-item bdt-transition-toggle bdt-position-relative\">\n\t\t\t\t\t\t\t\t\n\t\t\t\t\t\t\t<div class=\"bdt-post-grid-img-wrap bdt-overflow-hidden\">\n\t\t\t\t<a href=\"https:\/\/webraketen.space\/en\/5-tipps-weinmarketing\/\" class=\"bdt-transition-scale-up bdt-background-cover bdt-transition-opaque bdt-flex\" title=\"5 tips for successful, modern wine marketing\" style=\"background-image: url(https:\/\/webraketen.space\/wp-content\/uploads\/2024\/08\/weinmarketing-768x430.jpg)\">\n  \t\t\t\t<\/a>\n\t\t\t<\/div>\n\t\t\t\t\t\t\t<div class=\"bdt-custom-overlay bdt-position-cover\"><\/div>\n\t\t\t\t\t  \t\t\n\t\t\t\t\t  \t\t<div class=\"bdt-post-grid-desc bdt-position-bottom\">\n\t\t\t\t\t\t  \t\t<div class=\"bdt-position-medium\">\n\n\t\t\t\t\t\t\t\t\t<h2 class=\"bdt-post-grid-title\">\n\t\t\t\t<a href=\"https:\/\/webraketen.space\/en\/5-tipps-weinmarketing\/\" class=\"bdt-post-grid-link\" title=\"5 tips for successful, modern wine marketing\">\n\t\t\t\t\t5 tips for successful, modern wine marketing\n\t\t\t\t<\/a>\n\t\t\t<\/h2>\n\t\t\t\t\t            \t\t\t\t\t\t\t\t\t\t\n\t\t\t\t\t\t\t  \t\t<div class=\"bdt-transition-slide-bottom\">\n\t\t\t\t\t\t\t\t\t\t\t\t<div class=\"bdt-post-grid-excerpt\">\n\t\t\t<p>Wine is more than just a drink - it tells stories, evokes emotions and creates special memories.<\/p>\n\t\t<\/div>\n\n\t\t\t\t\t\t\t\t\t\t\t<\/div>\n\t\t\t\t\t\t\t\t<\/div>\n\t\t\t\t\t\t\t<\/div>\n\n\t\t\t\t\t\t\t\n\t\t\t\t\t\t<\/div>\n\t\t            <\/div>\n\n\t\t\t\t\t\t\n\n\t\t            <div class=\"bdt-width-1-1 bdt-width-1-2@s bdt-width-1-2@m\">\n\t\t\t\t\t\t<div class=\"bdt-post-grid-item bdt-transition-toggle bdt-position-relative\">\n\t\t\t\t\t\t\t\t\n\t\t\t\t\t\t\t<div class=\"bdt-post-grid-img-wrap bdt-overflow-hidden\">\n\t\t\t\t<a href=\"https:\/\/webraketen.space\/en\/google-ads-optimieren\/\" class=\"bdt-transition-scale-up bdt-background-cover bdt-transition-opaque bdt-flex\" title=\"Optimizing Google Ads - 9 tips for maximum impact\" style=\"background-image: url(https:\/\/webraketen.space\/wp-content\/uploads\/2024\/02\/9099743600447458605-768x430.jpeg)\">\n  \t\t\t\t<\/a>\n\t\t\t<\/div>\n\t\t\t\t\t\t\t<div class=\"bdt-custom-overlay bdt-position-cover\"><\/div>\n\t\t\t\t\t  \t\t\n\t\t\t\t\t  \t\t<div class=\"bdt-post-grid-desc bdt-position-bottom\">\n\t\t\t\t\t\t  \t\t<div class=\"bdt-position-medium\">\n\n\t\t\t\t\t\t\t\t\t<h2 class=\"bdt-post-grid-title\">\n\t\t\t\t<a href=\"https:\/\/webraketen.space\/en\/google-ads-optimieren\/\" class=\"bdt-post-grid-link\" title=\"Optimizing Google Ads - 9 tips for maximum impact\">\n\t\t\t\t\tOptimizing Google Ads - 9 tips for maximum impact\n\t\t\t\t<\/a>\n\t\t\t<\/h2>\n\t\t\t\t\t            \t\t\t\t\t\t\t\t\t\t\n\t\t\t\t\t\t\t  \t\t<div class=\"bdt-transition-slide-bottom\">\n\t\t\t\t\t\t\t\t\t\t\t\t<div class=\"bdt-post-grid-excerpt\">\n\t\t\t<p>If you optimize your Google Ads campaigns, you get more results for your advertising budget. With the right<\/p>\n\t\t<\/div>\n\n\t\t\t\t\t\t\t\t\t\t\t<\/div>\n\t\t\t\t\t\t\t\t<\/div>\n\t\t\t\t\t\t\t<\/div>\n\n\t\t\t\t\t\t\t\n\t\t\t\t\t\t<\/div>\n\t\t            <\/div>\n\n\t\t\t\t\t\t\n\n\t\t            <div class=\"bdt-width-1-1 bdt-width-1-2@s bdt-width-1-2@m\">\n\t\t\t\t\t\t<div class=\"bdt-post-grid-item bdt-transition-toggle bdt-position-relative\">\n\t\t\t\t\t\t\t\t\n\t\t\t\t\t\t\t<div class=\"bdt-post-grid-img-wrap bdt-overflow-hidden\">\n\t\t\t\t<a href=\"https:\/\/webraketen.space\/en\/dashboarding\/\" class=\"bdt-transition-scale-up bdt-background-cover bdt-transition-opaque bdt-flex\" title=\"Dashboarding - effective data visualization made easy\" style=\"background-image: url(https:\/\/webraketen.space\/wp-content\/uploads\/2023\/08\/bernd8678_marketing_dashboard_flat_illustration_minimalistic_cl_8b607e07-ba2c-47b6-9974-92bd44b65cc4-768x430.jpg)\">\n  \t\t\t\t<\/a>\n\t\t\t<\/div>\n\t\t\t\t\t\t\t<div class=\"bdt-custom-overlay bdt-position-cover\"><\/div>\n\t\t\t\t\t  \t\t\n\t\t\t\t\t  \t\t<div class=\"bdt-post-grid-desc bdt-position-bottom\">\n\t\t\t\t\t\t  \t\t<div class=\"bdt-position-medium\">\n\n\t\t\t\t\t\t\t\t\t<h2 class=\"bdt-post-grid-title\">\n\t\t\t\t<a href=\"https:\/\/webraketen.space\/en\/dashboarding\/\" class=\"bdt-post-grid-link\" title=\"Dashboarding - effective data visualization made easy\">\n\t\t\t\t\tDashboarding - effective data visualization made easy\n\t\t\t\t<\/a>\n\t\t\t<\/h2>\n\t\t\t\t\t            \t\t\t\t\t\t\t\t\t\t\n\t\t\t\t\t\t\t  \t\t<div class=\"bdt-transition-slide-bottom\">\n\t\t\t\t\t\t\t\t\t\t\t\t<div class=\"bdt-post-grid-excerpt\">\n\t\t\t<p>What is dashboarding? It sounds complicated, but it's actually quite simple: dashboarding is the process of<\/p>\n\t\t<\/div>\n\n\t\t\t\t\t\t\t\t\t\t\t<\/div>\n\t\t\t\t\t\t\t\t<\/div>\n\t\t\t\t\t\t\t<\/div>\n\n\t\t\t\t\t\t\t\n\t\t\t\t\t\t<\/div>\n\t\t            <\/div>\n\n\t\t\t\t\t\t\t<\/div>\n\t\t<\/div>\n\t\n \t\t\t\t\t<div class=\"ep-pagination\">\n\t\t\t\t<ul class=\"bdt-pagination bdt-flex-center\">\n<li class=\"bdt-active\"><a href=\"https:\/\/webraketen.space\/en\/wp-json\/wp\/v2\/pages\/86867\/\">1<\/a><\/li>\n<li><a href=\"https:\/\/webraketen.space\/en\/wp-json\/wp\/v2\/pages\/86867\/page\/2\/\">2<\/a><\/li>\n<li><a href=\"https:\/\/webraketen.space\/en\/wp-json\/wp\/v2\/pages\/86867\/page\/3\/\">3<\/a><\/li>\n<li><a href=\"https:\/\/webraketen.space\/en\/wp-json\/wp\/v2\/pages\/86867\/page\/2\/\"><span data-bdt-pagination-next><\/span><\/a><\/li>\n<\/ul>\n\t\t\t<\/div>\n\t\t\t\t\t\t\t<\/div>\n\t\t\t\t<\/div>\n\t\t\t\t\t<\/div>\n\t\t<\/div>\n\t\t\t\t\t<\/div>\n\t\t<\/section>\n\t\t\t\t<\/div>","protected":false},"excerpt":{"rendered":"<p>Forschungspapiere Google Ads optimieren: 7 Tipps f\u00fcr mehr Umsatz Du m\u00f6chtest mehr aus deinen Google Ads Kampagnen herausholen? Mit den richtigen Optimierungen l\u00e4sst sich die Dashboarding &#8211; Effektive Datenvisualisierung leicht gemacht Was ist Dashboarding? Klingt kompliziert, ist aber eigentlich ganz einfach: Unter Dashboarding versteht man den Prozess Was ist SEO? Etwa zwei Drittel aller Online-Erfahrungen [&hellip;]<\/p>\n","protected":false},"author":1,"featured_media":0,"parent":0,"menu_order":0,"comment_status":"closed","ping_status":"closed","template":"","meta":{"footnotes":""},"class_list":["post-86867","page","type-page","status-publish","hentry"],"_links":{"self":[{"href":"https:\/\/webraketen.space\/en\/wp-json\/wp\/v2\/pages\/86867","targetHints":{"allow":["GET"]}}],"collection":[{"href":"https:\/\/webraketen.space\/en\/wp-json\/wp\/v2\/pages"}],"about":[{"href":"https:\/\/webraketen.space\/en\/wp-json\/wp\/v2\/types\/page"}],"author":[{"embeddable":true,"href":"https:\/\/webraketen.space\/en\/wp-json\/wp\/v2\/users\/1"}],"replies":[{"embeddable":true,"href":"https:\/\/webraketen.space\/en\/wp-json\/wp\/v2\/comments?post=86867"}],"version-history":[{"count":22,"href":"https:\/\/webraketen.space\/en\/wp-json\/wp\/v2\/pages\/86867\/revisions"}],"predecessor-version":[{"id":87471,"href":"https:\/\/webraketen.space\/en\/wp-json\/wp\/v2\/pages\/86867\/revisions\/87471"}],"wp:attachment":[{"href":"https:\/\/webraketen.space\/en\/wp-json\/wp\/v2\/media?parent=86867"}],"curies":[{"name":"wp","href":"https:\/\/api.w.org\/{rel}","templated":true}]}}