{"id":87077,"date":"2024-04-25T07:54:11","date_gmt":"2024-04-25T05:54:11","guid":{"rendered":"https:\/\/webraketen.space\/?page_id=87077"},"modified":"2024-04-25T07:58:39","modified_gmt":"2024-04-25T05:58:39","slug":"marketing-dashboards-webinar","status":"publish","type":"page","link":"https:\/\/webraketen.space\/en\/marketing-dashboards-webinar\/","title":{"rendered":"Marketing Dashboards Webinar"},"content":{"rendered":"<div data-elementor-type=\"wp-page\" data-elementor-id=\"87077\" class=\"elementor elementor-87077\" data-elementor-settings=\"{&quot;element_pack_global_tooltip_width&quot;:{&quot;unit&quot;:&quot;px&quot;,&quot;size&quot;:&quot;&quot;,&quot;sizes&quot;:[]},&quot;element_pack_global_tooltip_width_tablet&quot;:{&quot;unit&quot;:&quot;px&quot;,&quot;size&quot;:&quot;&quot;,&quot;sizes&quot;:[]},&quot;element_pack_global_tooltip_width_mobile&quot;:{&quot;unit&quot;:&quot;px&quot;,&quot;size&quot;:&quot;&quot;,&quot;sizes&quot;:[]},&quot;element_pack_global_tooltip_padding&quot;:{&quot;unit&quot;:&quot;px&quot;,&quot;top&quot;:&quot;&quot;,&quot;right&quot;:&quot;&quot;,&quot;bottom&quot;:&quot;&quot;,&quot;left&quot;:&quot;&quot;,&quot;isLinked&quot;:true},&quot;element_pack_global_tooltip_padding_tablet&quot;:{&quot;unit&quot;:&quot;px&quot;,&quot;top&quot;:&quot;&quot;,&quot;right&quot;:&quot;&quot;,&quot;bottom&quot;:&quot;&quot;,&quot;left&quot;:&quot;&quot;,&quot;isLinked&quot;:true},&quot;element_pack_global_tooltip_padding_mobile&quot;:{&quot;unit&quot;:&quot;px&quot;,&quot;top&quot;:&quot;&quot;,&quot;right&quot;:&quot;&quot;,&quot;bottom&quot;:&quot;&quot;,&quot;left&quot;:&quot;&quot;,&quot;isLinked&quot;:true},&quot;element_pack_global_tooltip_border_radius&quot;:{&quot;unit&quot;:&quot;px&quot;,&quot;top&quot;:&quot;&quot;,&quot;right&quot;:&quot;&quot;,&quot;bottom&quot;:&quot;&quot;,&quot;left&quot;:&quot;&quot;,&quot;isLinked&quot;:true},&quot;element_pack_global_tooltip_border_radius_tablet&quot;:{&quot;unit&quot;:&quot;px&quot;,&quot;top&quot;:&quot;&quot;,&quot;right&quot;:&quot;&quot;,&quot;bottom&quot;:&quot;&quot;,&quot;left&quot;:&quot;&quot;,&quot;isLinked&quot;:true},&quot;element_pack_global_tooltip_border_radius_mobile&quot;:{&quot;unit&quot;:&quot;px&quot;,&quot;top&quot;:&quot;&quot;,&quot;right&quot;:&quot;&quot;,&quot;bottom&quot;:&quot;&quot;,&quot;left&quot;:&quot;&quot;,&quot;isLinked&quot;:true}}\" data-elementor-post-type=\"page\">\n\t\t\t\t<div class=\"elementor-element elementor-element-c1bcefa e-con-full e-flex e-con e-parent\" data-id=\"c1bcefa\" data-element_type=\"container\" data-e-type=\"container\" data-settings=\"{&quot;background_background&quot;:&quot;classic&quot;}\">\n\t\t<div class=\"elementor-element elementor-element-d2459c4 e-con-full e-flex e-con e-child\" data-id=\"d2459c4\" data-element_type=\"container\" data-e-type=\"container\">\n\t\t\t\t<div class=\"elementor-element elementor-element-d0005ee elementor-widget elementor-widget-heading\" data-id=\"d0005ee\" data-element_type=\"widget\" data-e-type=\"widget\" data-widget_type=\"heading.default\">\n\t\t\t\t<div class=\"elementor-widget-container\">\n\t\t\t\t\t<h1 class=\"elementor-heading-title elementor-size-default\">Marketing Dashboards Webinar<\/h1>\t\t\t\t<\/div>\n\t\t\t\t<\/div>\n\t\t\t\t<\/div>\n\t\t\t\t<\/div>\n\t\t<div class=\"elementor-element elementor-element-bd8bed0 e-flex e-con-boxed e-con e-parent\" data-id=\"bd8bed0\" data-element_type=\"container\" data-e-type=\"container\">\n\t\t\t\t\t<div class=\"e-con-inner\">\n\t\t<div class=\"elementor-element elementor-element-46272a8 e-con-full e-flex e-con e-child\" data-id=\"46272a8\" data-element_type=\"container\" data-e-type=\"container\" data-settings=\"{&quot;background_background&quot;:&quot;classic&quot;}\">\n\t\t\t\t<div class=\"elementor-element elementor-element-4652be1 elementor-widget elementor-widget-heading\" data-id=\"4652be1\" data-element_type=\"widget\" data-e-type=\"widget\" data-widget_type=\"heading.default\">\n\t\t\t\t<div class=\"elementor-widget-container\">\n\t\t\t\t\t<h2 class=\"elementor-heading-title elementor-size-default\">The next dates\n<\/h2>\t\t\t\t<\/div>\n\t\t\t\t<\/div>\n\t\t\t\t<div class=\"elementor-element elementor-element-dd330a2 elementor-widget elementor-widget-text-editor\" data-id=\"dd330a2\" data-element_type=\"widget\" data-e-type=\"widget\" data-widget_type=\"text-editor.default\">\n\t\t\t\t<div class=\"elementor-widget-container\">\n\t\t\t\t\t\t\t\t\t<ul><li>No webinars are currently planned.<p>Our consolation: We offer as a replacement\u00a0<strong>Currently free strategy workshops<\/strong>\u00a0to marketing dashboards.<\/p><ul><li>Duration: 1 hour<\/li><li>Location: Remote<\/li><\/ul><\/li><\/ul><div>\u00a0<\/div><p>Send us a request for a strategy workshop by e-mail. We will then contact you with a questionnaire so that we can tailor the workshop to your needs. After finding a date together, we will meet for the one-hour workshop.<\/p><p>\u00a0<\/p>\t\t\t\t\t\t\t\t<\/div>\n\t\t\t\t<\/div>\n\t\t\t\t<div class=\"elementor-element elementor-element-0d8524d elementor-align-center elementor-widget__width-initial elementor-widget elementor-widget-button\" data-id=\"0d8524d\" data-element_type=\"widget\" data-e-type=\"widget\" data-widget_type=\"button.default\">\n\t\t\t\t<div class=\"elementor-widget-container\">\n\t\t\t\t\t\t\t\t\t<div class=\"elementor-button-wrapper\">\n\t\t\t\t\t<a class=\"elementor-button elementor-button-link elementor-size-sm\" href=\"mailto:bernd@webraketen.io?subject=Anfrage%20kostenloser%20Strategieworkshop%20%22Marketing%20Dashboards%22&#038;body=Hallo%20webraketen-Crew%2C%0A%0Aich%20interessiere%20mich%20f%C3%BCr%20den%20kostenlosen%20Strategieworkshop.%0A%0ABitte%20nehmt%20hierzu%20Kontakt%20mit%20mir%20auf.%0A%0AViele%20Gr%C3%BC%C3%9Fe%2C%0A(Name)\" target=\"_blank\" rel=\"nofollow\">\n\t\t\t\t\t\t<span class=\"elementor-button-content-wrapper\">\n\t\t\t\t\t\t\t\t\t<span class=\"elementor-button-text\">\ud83d\udc49 Request here for free<\/span>\n\t\t\t\t\t<\/span>\n\t\t\t\t\t<\/a>\n\t\t\t\t<\/div>\n\t\t\t\t\t\t\t\t<\/div>\n\t\t\t\t<\/div>\n\t\t\t\t<\/div>\n\t\t\t\t\t<\/div>\n\t\t\t\t<\/div>\n\t\t\t\t<\/div>","protected":false},"excerpt":{"rendered":"<p>Marketing Dashboards Webinar Die n\u00e4chsten Termine Derzeit sind keine Webinare geplant. Unser Trostpflaster: Wir bieten als Ersatz\u00a0derzeit kostenlose Strategieworkshops\u00a0zu Marketing Dashboards an. Dauer: 1 Stunde Ort: Remote \u00a0 Sende uns per E-Mail eine Anfrage zum Strategieworkshop. Anschlie\u00dfend kontaktieren wir euch mit einem Fragebogen, damit wir den Workshop passend auf eure Bed\u00fcrfnisse gestalten k\u00f6nnen. Nach gemeinsamer [&hellip;]<\/p>\n","protected":false},"author":1,"featured_media":0,"parent":0,"menu_order":0,"comment_status":"closed","ping_status":"closed","template":"","meta":{"footnotes":""},"class_list":["post-87077","page","type-page","status-publish","hentry"],"_links":{"self":[{"href":"https:\/\/webraketen.space\/en\/wp-json\/wp\/v2\/pages\/87077","targetHints":{"allow":["GET"]}}],"collection":[{"href":"https:\/\/webraketen.space\/en\/wp-json\/wp\/v2\/pages"}],"about":[{"href":"https:\/\/webraketen.space\/en\/wp-json\/wp\/v2\/types\/page"}],"author":[{"embeddable":true,"href":"https:\/\/webraketen.space\/en\/wp-json\/wp\/v2\/users\/1"}],"replies":[{"embeddable":true,"href":"https:\/\/webraketen.space\/en\/wp-json\/wp\/v2\/comments?post=87077"}],"version-history":[{"count":4,"href":"https:\/\/webraketen.space\/en\/wp-json\/wp\/v2\/pages\/87077\/revisions"}],"predecessor-version":[{"id":87082,"href":"https:\/\/webraketen.space\/en\/wp-json\/wp\/v2\/pages\/87077\/revisions\/87082"}],"wp:attachment":[{"href":"https:\/\/webraketen.space\/en\/wp-json\/wp\/v2\/media?parent=87077"}],"curies":[{"name":"wp","href":"https:\/\/api.w.org\/{rel}","templated":true}]}}