{"id":87083,"date":"2024-04-25T08:13:54","date_gmt":"2024-04-25T06:13:54","guid":{"rendered":"https:\/\/webraketen.space\/?page_id=87083"},"modified":"2024-08-20T08:06:10","modified_gmt":"2024-08-20T06:06:10","slug":"product-owner-as-a-service","status":"publish","type":"page","link":"https:\/\/webraketen.space\/en\/product-owner-as-a-service\/","title":{"rendered":"Product Owner As A Service"},"content":{"rendered":"<div data-elementor-type=\"wp-page\" data-elementor-id=\"87083\" class=\"elementor elementor-87083\" data-elementor-settings=\"{&quot;element_pack_global_tooltip_width&quot;:{&quot;unit&quot;:&quot;px&quot;,&quot;size&quot;:&quot;&quot;,&quot;sizes&quot;:[]},&quot;element_pack_global_tooltip_width_tablet&quot;:{&quot;unit&quot;:&quot;px&quot;,&quot;size&quot;:&quot;&quot;,&quot;sizes&quot;:[]},&quot;element_pack_global_tooltip_width_mobile&quot;:{&quot;unit&quot;:&quot;px&quot;,&quot;size&quot;:&quot;&quot;,&quot;sizes&quot;:[]},&quot;element_pack_global_tooltip_padding&quot;:{&quot;unit&quot;:&quot;px&quot;,&quot;top&quot;:&quot;&quot;,&quot;right&quot;:&quot;&quot;,&quot;bottom&quot;:&quot;&quot;,&quot;left&quot;:&quot;&quot;,&quot;isLinked&quot;:true},&quot;element_pack_global_tooltip_padding_tablet&quot;:{&quot;unit&quot;:&quot;px&quot;,&quot;top&quot;:&quot;&quot;,&quot;right&quot;:&quot;&quot;,&quot;bottom&quot;:&quot;&quot;,&quot;left&quot;:&quot;&quot;,&quot;isLinked&quot;:true},&quot;element_pack_global_tooltip_padding_mobile&quot;:{&quot;unit&quot;:&quot;px&quot;,&quot;top&quot;:&quot;&quot;,&quot;right&quot;:&quot;&quot;,&quot;bottom&quot;:&quot;&quot;,&quot;left&quot;:&quot;&quot;,&quot;isLinked&quot;:true},&quot;element_pack_global_tooltip_border_radius&quot;:{&quot;unit&quot;:&quot;px&quot;,&quot;top&quot;:&quot;&quot;,&quot;right&quot;:&quot;&quot;,&quot;bottom&quot;:&quot;&quot;,&quot;left&quot;:&quot;&quot;,&quot;isLinked&quot;:true},&quot;element_pack_global_tooltip_border_radius_tablet&quot;:{&quot;unit&quot;:&quot;px&quot;,&quot;top&quot;:&quot;&quot;,&quot;right&quot;:&quot;&quot;,&quot;bottom&quot;:&quot;&quot;,&quot;left&quot;:&quot;&quot;,&quot;isLinked&quot;:true},&quot;element_pack_global_tooltip_border_radius_mobile&quot;:{&quot;unit&quot;:&quot;px&quot;,&quot;top&quot;:&quot;&quot;,&quot;right&quot;:&quot;&quot;,&quot;bottom&quot;:&quot;&quot;,&quot;left&quot;:&quot;&quot;,&quot;isLinked&quot;:true}}\" data-elementor-post-type=\"page\">\n\t\t\t\t<div class=\"elementor-element elementor-element-c1bcefa e-con-full e-flex e-con e-parent\" data-id=\"c1bcefa\" data-element_type=\"container\" data-e-type=\"container\" data-settings=\"{&quot;background_background&quot;:&quot;video&quot;,&quot;background_video_link&quot;:&quot;https:\\\/\\\/webraketen.space\\\/wp-content\\\/uploads\\\/2024\\\/03\\\/webraketen-hero.webm&quot;,&quot;background_play_on_mobile&quot;:&quot;yes&quot;}\">\n\t\t<div class=\"elementor-background-video-container\">\n\t\t\t\t\t\t\t<video class=\"elementor-background-video-hosted\" role=\"presentation\" autoplay muted playsinline loop><\/video>\n\t\t\t\t\t<\/div><div class=\"elementor-element elementor-element-d2459c4 e-con-full e-flex e-con e-child\" data-id=\"d2459c4\" data-element_type=\"container\" data-e-type=\"container\">\n\t\t\t\t<div class=\"elementor-element elementor-element-d0005ee elementor-widget elementor-widget-heading\" data-id=\"d0005ee\" data-element_type=\"widget\" data-e-type=\"widget\" data-widget_type=\"heading.default\">\n\t\t\t\t<div class=\"elementor-widget-container\">\n\t\t\t\t\t<h1 class=\"elementor-heading-title elementor-size-default\">Product Owner as a Service - We lead projects to success<\/h1>\t\t\t\t<\/div>\n\t\t\t\t<\/div>\n\t\t\t\t<\/div>\n\t\t<div class=\"elementor-element elementor-element-0ec5a7d e-con-full e-flex e-con e-child\" data-id=\"0ec5a7d\" data-element_type=\"container\" data-e-type=\"container\">\n\t\t\t\t<div class=\"elementor-element elementor-element-638a6ed elementor-widget elementor-widget-text-editor\" data-id=\"638a6ed\" data-element_type=\"widget\" data-e-type=\"widget\" data-widget_type=\"text-editor.default\">\n\t\t\t\t<div class=\"elementor-widget-container\">\n\t\t\t\t\t\t\t\t\t<p>Scrum.org certified<\/p>\t\t\t\t\t\t\t\t<\/div>\n\t\t\t\t<\/div>\n\t\t\t\t<div class=\"elementor-element elementor-element-651321e elementor-widget elementor-widget-image\" data-id=\"651321e\" data-element_type=\"widget\" data-e-type=\"widget\" data-widget_type=\"image.default\">\n\t\t\t\t<div class=\"elementor-widget-container\">\n\t\t\t\t\t\t\t\t\t\t\t\t\t\t\t<img decoding=\"async\" width=\"150\" height=\"150\" src=\"https:\/\/webraketen.space\/wp-content\/uploads\/2024\/04\/scrum-certification-150x150.webp\" class=\"attachment-thumbnail size-thumbnail wp-image-87085\" alt=\"\" srcset=\"https:\/\/webraketen.space\/wp-content\/uploads\/2024\/04\/scrum-certification-150x150.webp 150w, https:\/\/webraketen.space\/wp-content\/uploads\/2024\/04\/scrum-certification-300x300.webp 300w, https:\/\/webraketen.space\/wp-content\/uploads\/2024\/04\/scrum-certification.webp 340w\" sizes=\"(max-width: 150px) 100vw, 150px\" \/>\t\t\t\t\t\t\t\t\t\t\t\t\t\t\t<\/div>\n\t\t\t\t<\/div>\n\t\t\t\t<\/div>\n\t\t\t\t<\/div>\n\t\t<div class=\"elementor-element elementor-element-bd8bed0 e-flex e-con-boxed e-con e-parent\" data-id=\"bd8bed0\" data-element_type=\"container\" data-e-type=\"container\">\n\t\t\t\t\t<div class=\"e-con-inner\">\n\t\t<div class=\"elementor-element elementor-element-46272a8 e-con-full e-flex e-con e-child\" data-id=\"46272a8\" data-element_type=\"container\" data-e-type=\"container\" data-settings=\"{&quot;background_background&quot;:&quot;classic&quot;}\">\n\t\t\t\t<div class=\"elementor-element elementor-element-9de67af elementor-widget elementor-widget-text-editor\" data-id=\"9de67af\" data-element_type=\"widget\" data-e-type=\"widget\" data-widget_type=\"text-editor.default\">\n\t\t\t\t<div class=\"elementor-widget-container\">\n\t\t\t\t\t\t\t\t\t<p><strong>Our team of experienced product owners leads projects to success using agile methods such as Scrum, OKR or Kanban.<\/strong><\/p><p><strong> We take responsibility for product management and ensure that all objectives and requirements of the project in scope are met.<\/strong><\/p><p>Every company is unique and has different needs. That's why we offer tailor-made solutions for specific requirements. With a flexible approach and agile expertise, we can react quickly to changes.<\/p><p>Our goal is to provide seamless and effective project management so that you can focus on what really matters - project success.<\/p>\t\t\t\t\t\t\t\t<\/div>\n\t\t\t\t<\/div>\n\t\t\t\t<div class=\"elementor-element elementor-element-76e0c0f elementor-widget elementor-widget-heading\" data-id=\"76e0c0f\" data-element_type=\"widget\" data-e-type=\"widget\" data-widget_type=\"heading.default\">\n\t\t\t\t<div class=\"elementor-widget-container\">\n\t\t\t\t\t<h2 class=\"elementor-heading-title elementor-size-default\">The role of the product owner<\/h2>\t\t\t\t<\/div>\n\t\t\t\t<\/div>\n\t\t\t\t<div class=\"elementor-element elementor-element-a997e42 elementor-widget elementor-widget-text-editor\" data-id=\"a997e42\" data-element_type=\"widget\" data-e-type=\"widget\" data-widget_type=\"text-editor.default\">\n\t\t\t\t<div class=\"elementor-widget-container\">\n\t\t\t\t\t\t\t\t\t<p>The tasks of a product owner are diverse. They require a mixture of technical understanding, communication skills and management expertise. A good product owner must be able to understand, record and prioritize the needs of the stakeholders. At the same time, they must ensure that the team is not overwhelmed by the different requirements and stays on track. This is the only way to ensure that a project is also economically successful for an optimal return on investment.<\/p><p>When we take on the role of product owner for other companies, we do not see ourselves as an \"external service provider\". We put on T-shirts in other company colors and want to be part of the team.<\/p><p>Our Product Owners can take on the following tasks, among others:<\/p><ol><li><strong>Definition of the product vision<\/strong><br \/>No mission without a vision: The task of the product owner is to create a clear vision for the product. The needs of the stakeholders must be understood and expressed in simple images. This ensures that the team develops the product in the right direction. The vision serves as a fixed star for the team on their mission. It helps the (Scrum) team to focus on what is really important.<\/li><li><strong>Strategic product development<\/strong><br \/>Once the vision is clear, the next step is to develop the strategy for the product. On request, we can help with the development of the vision, mission and goals. Important KPIs for measuring success can also be derived from this.<\/li><li><strong>Creation of the product backlog<\/strong><br \/>Another important part of a product owner's work is the creation of the product backlog. This is a list of functions and requirements that the team should implement in relation to the product. The product backlog is a living list that can change over time as new requirements are added or old ones are removed.<\/li><li><strong>Prioritization of the product backlog<\/strong><br \/>A product owner must be able to prioritize the product backlog. He or she decides which functions and requirements are implemented first based on economic criteria or targets to ensure that the product offers added value for customers as quickly as possible. The needs of the customers, the market requirements and the technical skills of the team are taken into account.<\/li><li><strong>Cooperation with the team<\/strong><br \/>A product owner works closely with the development team. He or she ensures that the team has a clear understanding of the vision and requirements and that the team takes the right path to implement the product. Our Product Owners are also able to take feedback from the team and respond accordingly.<\/li><li><strong>Monitoring progress<\/strong><br \/>The Product Owner monitors the team's progress and ensures that the product is developed as planned. They track the team's progress, review the work and take countermeasures if necessary to ensure that the product stays on track.<\/li><\/ol>\t\t\t\t\t\t\t\t<\/div>\n\t\t\t\t<\/div>\n\t\t\t\t<div class=\"elementor-element elementor-element-7e24bfc elementor-widget elementor-widget-heading\" data-id=\"7e24bfc\" data-element_type=\"widget\" data-e-type=\"widget\" data-widget_type=\"heading.default\">\n\t\t\t\t<div class=\"elementor-widget-container\">\n\t\t\t\t\t<h2 class=\"elementor-heading-title elementor-size-default\">Advantages: webraketen as a Google Ads agency<\/h2>\t\t\t\t<\/div>\n\t\t\t\t<\/div>\n\t\t\t\t<div class=\"elementor-element elementor-element-dd330a2 elementor-widget elementor-widget-text-editor\" data-id=\"dd330a2\" data-element_type=\"widget\" data-e-type=\"widget\" data-widget_type=\"text-editor.default\">\n\t\t\t\t<div class=\"elementor-widget-container\">\n\t\t\t\t\t\t\t\t\t<p>As <a href=\"https:\/\/webraketen.space\/en\/google-ads-agency\/\" data-internallinksmanager029f6b8e52c=\"2\" title=\"Google Ads Agency\">Google Ads<\/a> agency, we bring our many years of <b>Expertise<\/b> into the strategy and implementation of your advertising campaigns.<\/p><p>Our promise<\/p><ul><li><b>Transparency:<\/b> Clear reports on costs and advertising performance and\u00a0<span style=\"letter-spacing: -0.4px;\">Comprehensible cost structures<\/span>.<\/li><li><b>Open communication:<\/b> Joint analysis of successes and failures to continuously improve campaign results<\/li><li><b>Fair price-performance ratio:<\/b> With us, you get the best value for your budget. Let's face it: only if you are successful can we grow sustainably as an agency.<\/li><li><b>Response speed and support:<\/b> Fast response times and reliable customer service<\/li><li><b>Ethics:<\/b> Compliance with the <a href=\"https:\/\/support.google.com\/adspolicy\/answer\/6008942?hl=de\" target=\"_blank\" rel=\"noopener\">Google Ads guidelines<\/a><\/li><\/ul><p>\u00a0<\/p><p>Our services can be tailored precisely to your needs and individual goals. This combination of expertise and experience makes it possible to develop effective strategies aimed at increasing <strong>visibility and maximizing ROI.<\/strong><\/p><p>Another decisive advantage of working with us as an SEA agency is the significant <b>Time saving<\/b> for our customers.<\/p><p>Google Ads can be very complex and time-consuming. With us, all Google campaigns are in professional hands, while you can concentrate on your core business. In addition, our effective and transparent <b>Cost management<\/b> Optimized budget allocation, resulting in lower costs per acquisition and a better return on marketing budgets.<\/p><p>After all, we attach great importance to <b>Transparency<\/b> in the way we work and ensure that performance data can be accessed clearly and in real time via our individual marketing dashboards. The\u00a0<b>Continuous optimization<\/b> of the campaigns is a central component of our service, which means that we are constantly looking for ways to improve the efficiency of the campaigns and adapt them to changing market conditions.<\/p><p>Whether push or pull campaigns, we can implement all types of campaigns: Display Ads, PMax campaigns, Google Shopping, Search Ads, Demand Gen etc. An extension with Meta Ads (Facebook Ads and\/or Instagram Ads) is also possible through us. And not only SEA: Also as <a href=\"https:\/\/webraketen.space\/en\/seo-agency\/\" data-internallinksmanager029f6b8e52c=\"1\" title=\"SEO agency\">SEO<\/a> Agency, we are happy to support you and complete your Paid Ads and SEM activities.<\/p>\t\t\t\t\t\t\t\t<\/div>\n\t\t\t\t<\/div>\n\t\t\t\t<\/div>\n\t\t\t\t\t<\/div>\n\t\t\t\t<\/div>\n\t\t<div class=\"elementor-element elementor-element-62602aa6 e-con-full e-flex e-con e-parent\" data-id=\"62602aa6\" data-element_type=\"container\" data-e-type=\"container\" data-settings=\"{&quot;background_background&quot;:&quot;classic&quot;}\">\n\t\t<div class=\"elementor-element elementor-element-7f4ee283 e-con-full e-flex e-con e-child\" data-id=\"7f4ee283\" data-element_type=\"container\" data-e-type=\"container\">\n\t\t\t\t<div class=\"elementor-element elementor-element-47e08fb elementor-widget elementor-widget-heading\" data-id=\"47e08fb\" data-element_type=\"widget\" data-e-type=\"widget\" data-widget_type=\"heading.default\">\n\t\t\t\t<div class=\"elementor-widget-container\">\n\t\t\t\t\t<h2 class=\"elementor-heading-title elementor-size-default\">Ready for agile success with our product owners?<\/h2>\t\t\t\t<\/div>\n\t\t\t\t<\/div>\n\t\t\t\t<div class=\"elementor-element elementor-element-741be18 elementor-widget elementor-widget-text-editor\" data-id=\"741be18\" data-element_type=\"widget\" data-e-type=\"widget\" data-widget_type=\"text-editor.default\">\n\t\t\t\t<div class=\"elementor-widget-container\">\n\t\t\t\t\t\t\t\t\tRequest a free strategy meeting with a senior consultant now.\t\t\t\t\t\t\t\t<\/div>\n\t\t\t\t<\/div>\n\t\t\t\t<div class=\"elementor-element elementor-element-121d1a4 elementor-widget elementor-widget-button\" data-id=\"121d1a4\" data-element_type=\"widget\" data-e-type=\"widget\" data-widget_type=\"button.default\">\n\t\t\t\t<div class=\"elementor-widget-container\">\n\t\t\t\t\t\t\t\t\t<div class=\"elementor-button-wrapper\">\n\t\t\t\t\t<a class=\"elementor-button elementor-button-link elementor-size-sm\" href=\"https:\/\/webraketen.space\/en\/mission-request\/\">\n\t\t\t\t\t\t<span class=\"elementor-button-content-wrapper\">\n\t\t\t\t\t\t\t\t\t<span class=\"elementor-button-text\">Request advice<\/span>\n\t\t\t\t\t<\/span>\n\t\t\t\t\t<\/a>\n\t\t\t\t<\/div>\n\t\t\t\t\t\t\t\t<\/div>\n\t\t\t\t<\/div>\n\t\t\t\t<\/div>\n\t\t<div class=\"elementor-element elementor-element-6335060f e-con-full e-flex e-con e-child\" data-id=\"6335060f\" data-element_type=\"container\" data-e-type=\"container\" data-settings=\"{&quot;background_background&quot;:&quot;classic&quot;}\">\n\t\t\t\t<\/div>\n\t\t\t\t<\/div>\n\t\t<div class=\"elementor-element elementor-element-34b9533 e-flex e-con-boxed e-con e-parent\" data-id=\"34b9533\" data-element_type=\"container\" data-e-type=\"container\">\n\t\t\t\t\t<div class=\"e-con-inner\">\n\t\t<div class=\"elementor-element elementor-element-cc489bd e-con-full e-flex e-con e-child\" data-id=\"cc489bd\" data-element_type=\"container\" data-e-type=\"container\" data-settings=\"{&quot;background_background&quot;:&quot;classic&quot;}\">\n\t\t\t\t<div class=\"elementor-element elementor-element-91d8470 elementor-widget elementor-widget-heading\" data-id=\"91d8470\" data-element_type=\"widget\" data-e-type=\"widget\" data-widget_type=\"heading.default\">\n\t\t\t\t<div class=\"elementor-widget-container\">\n\t\t\t\t\t<h2 class=\"elementor-heading-title elementor-size-default\">What our product owners bring to the table<\/h2>\t\t\t\t<\/div>\n\t\t\t\t<\/div>\n\t\t\t\t<div class=\"elementor-element elementor-element-5b44622 elementor-widget elementor-widget-text-editor\" data-id=\"5b44622\" data-element_type=\"widget\" data-e-type=\"widget\" data-widget_type=\"text-editor.default\">\n\t\t\t\t<div class=\"elementor-widget-container\">\n\t\t\t\t\t\t\t\t\t<p>Our product owners not only live agility in Scrum projects, but also bring valuable skills with them:<\/p><ul><li>Several years of project experience<\/li><li>Certifications (e.g. PSPO 1 certification according to Scrum)<\/li><li>Pragmatism and methodical strength to solve problems in line with the project objective<\/li><li>Ability to familiarize yourself quickly with new issues<\/li><li>Team player: We do not see ourselves as an external service provider, but are happy to be part of the crew to achieve your mission goals<\/li><\/ul><div>\u00a0<\/div><p>Depending on the requirements of the project, we can also bring in different specializations in the areas of strategy development, UI\/UX or online marketing. From marketing dashboards and Google Ads to design sprints, we can bring in our specialists across agencies. We operate across all industries and are familiar with the requirements of both the B2C and B2B sectors.<\/p>\t\t\t\t\t\t\t\t<\/div>\n\t\t\t\t<\/div>\n\t\t\t\t<\/div>\n\t\t\t\t\t<\/div>\n\t\t\t\t<\/div>\n\t\t\t\t<\/div>","protected":false},"excerpt":{"rendered":"<p>Product Owner as a Service &#8211; Wir f\u00fchren Projekte zum Erfolg Scrum.org zetifiziert Unser Team von erfahrenen Product Ownern f\u00fchrt Projekte mit agilen Methoden wie Scrum, OKR oder Kanban zum Erfolg. Wir \u00fcbernehmen die Verantwortung f\u00fcr das Produktmanagement und sorgen daf\u00fcr, dass alle Ziele und Anforderungen des Projekts im Scope erf\u00fcllt werden. Jedes Unternehmen ist [&hellip;]<\/p>\n","protected":false},"author":1,"featured_media":0,"parent":0,"menu_order":0,"comment_status":"closed","ping_status":"closed","template":"","meta":{"footnotes":""},"class_list":["post-87083","page","type-page","status-publish","hentry"],"_links":{"self":[{"href":"https:\/\/webraketen.space\/en\/wp-json\/wp\/v2\/pages\/87083","targetHints":{"allow":["GET"]}}],"collection":[{"href":"https:\/\/webraketen.space\/en\/wp-json\/wp\/v2\/pages"}],"about":[{"href":"https:\/\/webraketen.space\/en\/wp-json\/wp\/v2\/types\/page"}],"author":[{"embeddable":true,"href":"https:\/\/webraketen.space\/en\/wp-json\/wp\/v2\/users\/1"}],"replies":[{"embeddable":true,"href":"https:\/\/webraketen.space\/en\/wp-json\/wp\/v2\/comments?post=87083"}],"version-history":[{"count":7,"href":"https:\/\/webraketen.space\/en\/wp-json\/wp\/v2\/pages\/87083\/revisions"}],"predecessor-version":[{"id":87492,"href":"https:\/\/webraketen.space\/en\/wp-json\/wp\/v2\/pages\/87083\/revisions\/87492"}],"wp:attachment":[{"href":"https:\/\/webraketen.space\/en\/wp-json\/wp\/v2\/media?parent=87083"}],"curies":[{"name":"wp","href":"https:\/\/api.w.org\/{rel}","templated":true}]}}